{"id":298,"date":"2013-11-26T16:02:46","date_gmt":"2013-11-26T16:02:46","guid":{"rendered":"http:\/\/rst2.com\/altxa\/?page_id=298"},"modified":"2013-11-26T16:02:46","modified_gmt":"2013-11-26T16:02:46","slug":"nor-gara","status":"publish","type":"page","link":"https:\/\/altxa.eu\/index.php\/nor-gara\/","title":{"rendered":"Quienes somos"},"content":{"rendered":"<p><\/p>\n<p style=\"text-align: center;\"><span style=\"font-size: medium;\">Comenzamos a trabajar en 1983 en actividades relacionadas con el monta\u00f1ismo,<\/span><br \/>\n<span style=\"font-size: medium;\"> en el Club Deportivo Navarra y en Colectivo Natura como gu\u00eda y monitor,<\/span><br \/>\n<span style=\"font-size: medium;\"> y a partir de 2003 nos dedicamos al balizado y la cartograf\u00eda en Altxa-ondarea.<\/span><\/p>\n<p style=\"text-align: center;\"><span style=\"font-size: medium;\">RUTAS DE SENDERISMO Y BTT<\/span><br \/>\n<span style=\"font-size: medium;\"> Realizamos el dise\u00f1o, balizado, documentaci\u00f3n, cartograf\u00eda y georreferenciado(GPS) de rutas de senderismo y BTT.<\/span><\/p>\n<p style=\"text-align: center;\"><span style=\"font-size: medium;\">PANELES INFORMATIVOS, FOLLETOS E INFORMACI\u00d3N WEB<\/span><br \/>\n<span style=\"font-size: medium;\"> La informaci\u00f3n aportada es de elaboraci\u00f3n propia: Recorridos, cartograf\u00eda, croquis, perfiles, panor\u00e1micas&#8230;<\/span><\/p>\n<p style=\"text-align: center;\"><span style=\"font-size: medium;\">MAPA-GU\u00cdA TOPOGR\u00c1FICOS<\/span><br \/>\n<span style=\"font-size: medium;\"> Nuestro objetivo es mostrar topo el patrimonio de un t\u00e9rmino de forma clara y precisa.<\/span><br \/>\n<span style=\"font-size: medium;\"> Adem\u00e1s de la documentaci\u00f3n dada por los ayuntamientos y lugare\u00f1os, recorremos todos los caminos y rincones.<\/span><br \/>\n<span style=\"font-size: medium;\"> Toda la documentaci\u00f3n recopilada se la entregamos al promotor georreferenciada, en las condiciones acordadas previamente.<\/span><\/p>\n<p style=\"text-align: center;\"><span style=\"font-size: medium;\">BALIZADO<\/span><br \/>\n<span style=\"font-size: medium;\"> El mobiliario lo creamos nosotros, en pino, roble o hierro: Paneles informativos, mesas panor\u00e1micas, balizas&#8230;<\/span><br \/>\n<span style=\"font-size: medium;\"> Tambi\u00e9n hacemos las marcas de pintura y las se\u00f1ales direccionales a lo largo del recorrido.<\/span><br \/>\n<span style=\"font-size: medium;\"> Todo lo necesario para que sean homologados.<\/span><\/p>\n<p style=\"text-align: right;\">\n<p><div id=\"attachment_1078\" style=\"width: 310px\" class=\"wp-caption aligncenter\"><img loading=\"lazy\" decoding=\"async\" aria-describedby=\"caption-attachment-1078\" class=\"size-medium wp-image-1078\" src=\"http:\/\/altxa.eu\/wp-content\/uploads\/KIRRU5150029-300x300.jpg\" alt=\"\" width=\"300\" height=\"300\" \/><p id=\"caption-attachment-1078\" class=\"wp-caption-text\">Patxi Sarobe<\/p><\/div><\/p>","protected":false},"excerpt":{"rendered":"<p>Comenzamos a trabajar en 1983 en actividades relacionadas con el monta\u00f1ismo, en el Club Deportivo Navarra y en Colectivo Natura como gu\u00eda y monitor, y a partir de 2003 nos dedicamos al balizado y la cartograf\u00eda en Altxa-ondarea. RUTAS DE SENDERISMO Y BTT Realizamos el dise\u00f1o, balizado, documentaci\u00f3n, cartograf\u00eda y georreferenciado(GPS) de rutas de senderismo [&hellip;]<\/p>\n","protected":false},"author":1,"featured_media":0,"parent":0,"menu_order":0,"comment_status":"closed","ping_status":"open","template":"","meta":{"footnotes":""},"class_list":["post-298","page","type-page","status-publish","hentry"],"_links":{"self":[{"href":"https:\/\/altxa.eu\/index.php\/wp-json\/wp\/v2\/pages\/298","targetHints":{"allow":["GET"]}}],"collection":[{"href":"https:\/\/altxa.eu\/index.php\/wp-json\/wp\/v2\/pages"}],"about":[{"href":"https:\/\/altxa.eu\/index.php\/wp-json\/wp\/v2\/types\/page"}],"author":[{"embeddable":true,"href":"https:\/\/altxa.eu\/index.php\/wp-json\/wp\/v2\/users\/1"}],"replies":[{"embeddable":true,"href":"https:\/\/altxa.eu\/index.php\/wp-json\/wp\/v2\/comments?post=298"}],"version-history":[{"count":0,"href":"https:\/\/altxa.eu\/index.php\/wp-json\/wp\/v2\/pages\/298\/revisions"}],"wp:attachment":[{"href":"https:\/\/altxa.eu\/index.php\/wp-json\/wp\/v2\/media?parent=298"}],"curies":[{"name":"wp","href":"https:\/\/api.w.org\/{rel}","templated":true}]}}