{"id":31,"date":"2013-11-18T12:44:42","date_gmt":"2013-11-18T12:44:42","guid":{"rendered":"http:\/\/rst2.com\/altxa\/?page_id=31"},"modified":"2013-11-18T12:44:42","modified_gmt":"2013-11-18T12:44:42","slug":"descargas","status":"publish","type":"page","link":"https:\/\/altxa.eu\/index.php\/descargas\/","title":{"rendered":"Descargas"},"content":{"rendered":"<p><\/p>\n<div style=\"margin: 0px auto 50px auto;\">\n<iframe src=\"https:\/\/altxa.eu\/mapas\/movil\"width=\"100%\" height=\"400\"><\/iframe><\/p>\n<\/div>\n<p><span style=\"font-size: medium;\">Este mapa digital s\u00f3lo lo ofrecemos a quien haya comprado el mapa BASABURUKO ONDAREAREN MAPA 2013.<\/span><br \/>\n<span style=\"font-size: medium;\"> Est\u00e1 a la venta en librer\u00edas especializadas de Pamplona y San Sebast\u00edan y en establecimientos hosteleros y tur\u00edsticos de Basaburua y el entorno.<\/span><\/p>\n<p><span style=\"font-size: medium;\"><strong>Mapa ordenador: (.jnx)\u00a0\u00a0 <\/strong>Mapa con curvas de nivel, para ver con programas GPS en el ordenador.<\/span><\/p>\n<p><span style=\"font-size: medium;\"><strong>Mapa GPS: (.jnx)\u00a0\u00a0 <\/strong>Mapa sin curvas de nivel, para ver en el GPS.<\/span><\/p>\n<p><span style=\"font-size: medium;\"><strong>Mapa Google earth: (.kmz)\u00a0\u00a0 <\/strong>Mapa con curvas de nivel, para ver con programas de GPS y en Google earth.<\/span><\/p>\n<p><span style=\"font-size: medium;\"><strong>Mapa Android: (.db)\u00a0\u00a0 <\/strong>Mapa con curvas de nivel, para ver en tel\u00e9fonos android, con el programa Oruxmap.<\/span><\/p>\n<p style=\"text-align: right;\"><span style=\"font-size: medium;\">Para saber m\u00e1s de cartograf\u00eda digital y GPS:\u00a0<a href=\"http:\/\/www.misescapadaspornavarra.com\" target=\"_blank\" rel=\"noopener\"> misescapadaspornavarra.com<\/a><\/span><\/p>\n<p><\/p>","protected":false},"excerpt":{"rendered":"<p>Este mapa digital s\u00f3lo lo ofrecemos a quien haya comprado el mapa BASABURUKO ONDAREAREN MAPA 2013. Est\u00e1 a la venta en librer\u00edas especializadas de Pamplona y San Sebast\u00edan y en establecimientos hosteleros y tur\u00edsticos de Basaburua y el entorno. Mapa ordenador: (.jnx)\u00a0\u00a0 Mapa con curvas de nivel, para ver con programas GPS en el ordenador. [&hellip;]<\/p>\n","protected":false},"author":1,"featured_media":0,"parent":0,"menu_order":0,"comment_status":"closed","ping_status":"closed","template":"full-width-page.php","meta":{"footnotes":""},"class_list":["post-31","page","type-page","status-publish","hentry"],"_links":{"self":[{"href":"https:\/\/altxa.eu\/index.php\/wp-json\/wp\/v2\/pages\/31","targetHints":{"allow":["GET"]}}],"collection":[{"href":"https:\/\/altxa.eu\/index.php\/wp-json\/wp\/v2\/pages"}],"about":[{"href":"https:\/\/altxa.eu\/index.php\/wp-json\/wp\/v2\/types\/page"}],"author":[{"embeddable":true,"href":"https:\/\/altxa.eu\/index.php\/wp-json\/wp\/v2\/users\/1"}],"replies":[{"embeddable":true,"href":"https:\/\/altxa.eu\/index.php\/wp-json\/wp\/v2\/comments?post=31"}],"version-history":[{"count":0,"href":"https:\/\/altxa.eu\/index.php\/wp-json\/wp\/v2\/pages\/31\/revisions"}],"wp:attachment":[{"href":"https:\/\/altxa.eu\/index.php\/wp-json\/wp\/v2\/media?parent=31"}],"curies":[{"name":"wp","href":"https:\/\/api.w.org\/{rel}","templated":true}]}}